{"id":65,"date":"2021-09-14T18:21:03","date_gmt":"2021-09-14T16:21:03","guid":{"rendered":"http:\/\/dev.pi-pharmaimage.com\/?page_id=65"},"modified":"2023-07-05T13:55:22","modified_gmt":"2023-07-05T11:55:22","slug":"ueber-uns","status":"publish","type":"page","link":"https:\/\/pi-pharmaimage.com\/de\/ueber-uns\/","title":{"rendered":"\u00dcber uns"},"content":{"rendered":"\n<div class=\"wp-block-columns is-layout-flex wp-container-core-columns-is-layout-9d6595d7 wp-block-columns-is-layout-flex\">\n<div class=\"wp-block-column is-layout-flow wp-block-column-is-layout-flow\">\n<figure class=\"wp-block-gallery has-nested-images columns-default is-cropped wp-block-gallery-1 is-layout-flex wp-block-gallery-is-layout-flex\">\n<figure class=\"wp-block-image size-full\"><img loading=\"lazy\" decoding=\"async\" width=\"2560\" height=\"786\" data-id=\"726\" src=\"http:\/\/dev.pi-pharmaimage.com\/wp-content\/uploads\/2021\/11\/About-scaled.jpg\" alt=\"\" class=\"wp-image-726\" srcset=\"https:\/\/pi-pharmaimage.com\/wp-content\/uploads\/2021\/11\/About-scaled.jpg 2560w, https:\/\/pi-pharmaimage.com\/wp-content\/uploads\/2021\/11\/About-300x92.jpg 300w, https:\/\/pi-pharmaimage.com\/wp-content\/uploads\/2021\/11\/About-1024x314.jpg 1024w, https:\/\/pi-pharmaimage.com\/wp-content\/uploads\/2021\/11\/About-768x236.jpg 768w, https:\/\/pi-pharmaimage.com\/wp-content\/uploads\/2021\/11\/About-1536x471.jpg 1536w, https:\/\/pi-pharmaimage.com\/wp-content\/uploads\/2021\/11\/About-2048x629.jpg 2048w\" sizes=\"auto, (max-width: 2560px) 100vw, 2560px\" \/><\/figure>\n<\/figure>\n<\/div>\n<\/div>\n\n\n\n<div class=\"wp-block-group is-layout-flow wp-block-group-is-layout-flow\">\n<p style=\"font-size:14px\">PI PharmaImage unterst\u00fctzt klinische Forscher aus akademischen und privaten Einrichtungen mit der notwendigen Expertise und Anleitung zur Durchf\u00fchrung von uni- oder multizentrischen klinischen Studien (Phase I-IV). In einem zunehmend komplexen klinischen Forschungsumfeld bietet PI PharmaImage Unterst\u00fctzung bei: internationaler Mittelbeschaffung\/Vertragsbeschaffung, Bearbeitung von Stipendienantr\u00e4gen\/Studienprotokollen, Studiendesign und -aufbau, Ethikantr\u00e4gen, regulatorischen Fragen, Datenerfassung, Monitoring und Datenanalysen. Eine unserer Kernkompetenzen ist die Implementierung von Biomarker-L\u00f6sungen (bildgebend, physiologisch, molekular) einschlie\u00dflich der Datenanalyse im Rahmen von klinischen Studien. Seit seiner Gr\u00fcndung arbeitet PI PharmaImage eng mit akademischen Einrichtungen (Universit\u00e4tsklinikum D\u00fcsseldorf, Charit\u00e9 &#8211; Universit\u00e4tsmedizin Berlin) und traditionellen klinischen Forschungsorganisationen (CROs) im In- und Ausland zusammen: u.a. Hammersmith Medicines in London, Charit\u00e9 &#8211; Forschungsorganisation in Berlin, NUVISAN Pharma Services in Ulm, FOCUS Drug Development in Neuss und JSW Life Sciences in \u00d6sterreich. Inzwischen hat PharmaImage seine Expertise, Logistik und Infrastruktur in mehr als 10 klinische Phase-I\/IIa-Studien eingebracht. Bislang wurden Auftragsforschung und Beratung f\u00fcr internationale Pharmaunternehmen (F&amp;E) wie Janssen Pharmaceutica (Johnson &amp; Johnson), Lundbeck, Pfizer, UCB, Boehringer-Ingelheim, Recordati und Ratiopharm durchgef\u00fchrt.<\/p>\n\n\n\n<p style=\"font-size:14px\">PI PharmaImage ist derzeit an zwei nationalen und internationalen Forschungskonsortien beteiligt: Nikotin &#8211; Molekulare und physiologische Mechanismen im ZNS (finanziert durch die DFG: <a href=\"https:\/\/www.nicotine-research.com\/\" data-type=\"URL\" data-id=\"https:\/\/www.nicotine-research.com\/\">www.nicotine-research.com<\/a>) und dem von der EU gef\u00f6rderten BioCog-Konsortium: Biomarker-Entwicklung f\u00fcr postoperative kognitive Beeintr\u00e4chtigungen bei \u00e4lteren Menschen (<a href=\"http:\/\/www.biocog.eu\" data-type=\"URL\" data-id=\"www.biocog.eu\">www.biocog.eu<\/a>). Dazu geh\u00f6rt eine strategische Allianz von PI PharmaImage mit der Charit\u00e9 &#8211; Universit\u00e4tsmedizin Berlin sowie anderen renommierten akademischen Einrichtungen wie dem Max-Delbr\u00fcck-Centrum f\u00fcr Molekulare Medizin (MDC) der Helmholtz-Gemeinschaft, der Universit\u00e4t Cambridge, der Universit\u00e4t Utrecht und dem Luxembourg Centre for Systems Biomedicine (Bioinformatics) sowie privaten Partnern wie Atlas, Immundiagnostik, Cellulogic und Alta.<\/p>\n<\/div>\n\n\n\n<div class=\"wp-block-group is-style-background-border-right-top is-layout-flow wp-block-group-is-layout-flow\">\n<div class=\"wp-block-columns is-style-frontpage is-layout-flex wp-container-core-columns-is-layout-9d6595d7 wp-block-columns-is-layout-flex\">\n<div class=\"wp-block-column has-text-color is-layout-flow wp-block-column-is-layout-flow\" style=\"color:#d80505\">\n<div style=\"height:43px\" aria-hidden=\"true\" class=\"wp-block-spacer\"><\/div>\n\n\n\n<p class=\"has-black-color has-text-color\">Mehr Informationen zu unserer IT-Infrastruktur <\/p>\n<\/div>\n\n\n\n<div class=\"wp-block-column is-layout-flow wp-block-column-is-layout-flow\">\n<div class=\"wp-block-buttons is-layout-flex wp-block-buttons-is-layout-flex\"><\/div>\n\n\n\n<button style=\"border:none;background-color:#1A5889;height:44px;width:200px;\"><a href=\"https:\/\/pi-pharmaimage.com\/de\/it-infrastruktur\/\" style=\"color:#fff;text-decoration: none;\">IT-INFRASTRUKTUR &gt;<\/a><\/button>\n<\/div>\n<\/div>\n<\/div>\n","protected":false},"excerpt":{"rendered":"<p>PI PharmaImage unterst\u00fctzt klinische Forscher aus akademischen und privaten Einrichtungen mit der notwendigen Expertise und Anleitung zur Durchf\u00fchrung von uni- oder multizentrischen klinischen Studien (Phase I-IV). In einem zunehmend komplexen klinischen Forschungsumfeld bietet PI PharmaImage Unterst\u00fctzung bei: internationaler Mittelbeschaffung\/Vertragsbeschaffung, Bearbeitung von Stipendienantr\u00e4gen\/Studienprotokollen, Studiendesign und -aufbau, Ethikantr\u00e4gen, regulatorischen Fragen, Datenerfassung, Monitoring und Datenanalysen. Eine unserer Kernkompetenzen &hellip; <a href=\"https:\/\/pi-pharmaimage.com\/de\/ueber-uns\/\">Continued<\/a><\/p>\n","protected":false},"author":1,"featured_media":0,"parent":0,"menu_order":4,"comment_status":"closed","ping_status":"closed","template":"","meta":{"footnotes":""},"class_list":["post-65","page","type-page","status-publish","hentry"],"_links":{"self":[{"href":"https:\/\/pi-pharmaimage.com\/de\/wp-json\/wp\/v2\/pages\/65","targetHints":{"allow":["GET"]}}],"collection":[{"href":"https:\/\/pi-pharmaimage.com\/de\/wp-json\/wp\/v2\/pages"}],"about":[{"href":"https:\/\/pi-pharmaimage.com\/de\/wp-json\/wp\/v2\/types\/page"}],"author":[{"embeddable":true,"href":"https:\/\/pi-pharmaimage.com\/de\/wp-json\/wp\/v2\/users\/1"}],"replies":[{"embeddable":true,"href":"https:\/\/pi-pharmaimage.com\/de\/wp-json\/wp\/v2\/comments?post=65"}],"version-history":[{"count":23,"href":"https:\/\/pi-pharmaimage.com\/de\/wp-json\/wp\/v2\/pages\/65\/revisions"}],"predecessor-version":[{"id":1543,"href":"https:\/\/pi-pharmaimage.com\/de\/wp-json\/wp\/v2\/pages\/65\/revisions\/1543"}],"wp:attachment":[{"href":"https:\/\/pi-pharmaimage.com\/de\/wp-json\/wp\/v2\/media?parent=65"}],"curies":[{"name":"wp","href":"https:\/\/api.w.org\/{rel}","templated":true}]}}