{"id":358,"date":"2021-09-28T12:35:35","date_gmt":"2021-09-28T10:35:35","guid":{"rendered":"http:\/\/dev.pi-pharmaimage.com\/?page_id=358"},"modified":"2021-11-15T17:56:05","modified_gmt":"2021-11-15T16:56:05","slug":"neuroimaging","status":"publish","type":"page","link":"https:\/\/pi-pharmaimage.com\/de\/neuroimaging\/","title":{"rendered":"Neuroimaging"},"content":{"rendered":"\n<div class=\"wp-block-media-text alignwide is-stacked-on-mobile is-vertically-aligned-top is-image-fill is-style-left\"><figure class=\"wp-block-media-text__media\" style=\"background-image:url(https:\/\/pi-pharmaimage.com\/wp-content\/uploads\/2021\/11\/fMRI-941x1024.jpg);background-position:50% 50%\"><img loading=\"lazy\" decoding=\"async\" width=\"941\" height=\"1024\" src=\"https:\/\/pi-pharmaimage.com\/wp-content\/uploads\/2021\/11\/fMRI-941x1024.jpg\" alt=\"\" class=\"wp-image-763 size-full\" srcset=\"https:\/\/pi-pharmaimage.com\/wp-content\/uploads\/2021\/11\/fMRI-941x1024.jpg 941w, https:\/\/pi-pharmaimage.com\/wp-content\/uploads\/2021\/11\/fMRI-276x300.jpg 276w, https:\/\/pi-pharmaimage.com\/wp-content\/uploads\/2021\/11\/fMRI-768x836.jpg 768w, https:\/\/pi-pharmaimage.com\/wp-content\/uploads\/2021\/11\/fMRI-1411x1536.jpg 1411w, https:\/\/pi-pharmaimage.com\/wp-content\/uploads\/2021\/11\/fMRI.jpg 1420w\" sizes=\"auto, (max-width: 941px) 100vw, 941px\" \/><\/figure><div class=\"wp-block-media-text__content\">\n<h2 class=\"wp-block-heading\">Neuroimaging Experimente (fMRI, strukturelle MRT)<\/h2>\n\n\n\n<p style=\"font-size:14px\"><strong>Neuroimaging Experimente (fMRI, strukturette MRT)<\/strong> werden mit Hilfe von MRT-Scannern in der N\u00e4he des klinischen Studienortes durchgef\u00fchrt. Die Scanner werden von PI PharmaImage vor Ort gemietet (in der N\u00e4he der CRO oder des Krankenhauses, in dem die klinische Studie durchgef\u00fchrt wird), PI PharmaImage stellt MR-Sequenzen zur Verf\u00fcgung und das Personal (technische Assistenten\/\u00c4rzte) wird bei Bedarf vor Ort geschult. Analysen von Bilddaten (z.B. ereignis-\/aufgabenbezogen, Ruhezustand fMRI, Volumina von Hippocampus oder cholinergen Kernen) werden in Berlin ferngesteuert durchgef\u00fchrt. <\/p>\n\n\n\n<p style=\"font-size:14px\">Es werden auch Paradigmen zur Bildgebung (Ketamin\/Nikotin) eingef\u00fchrt. Diese Paradigmen erm\u00f6glichen es, neue Substanzen zu testen, ob sie der durch das Challenge-Medikament hervorgerufenen Gehirnfunktion entgegenwirken oder diese nachahmen.<\/p>\n\n\n\n<p style=\"font-size:14px\">Gleichzeitige fMRI\/EEG-Experimente, die die Sensitivit\u00e4t des EEG mit der hohen r\u00e4umlichen Aufl\u00f6sung des MRT kombinieren, sind ebenfalls m\u00f6glich. Zus\u00e4tzliche physiologische Messungen (EKG, Hautleitwiderstand), ma\u00dfgeschneiderte Stimulationsparadigmen (z.B. kognitive, photische Stimulation) k\u00f6nnen ebenfalls bereitgestellt werden. Alle elektrophysiologischen oder neuroimaging Daten werden sicher vom Studienort zu Pharmaimage in Berlin \u00fcbertragen, wo die Datenanalysen durchgef\u00fchrt werden.<\/p>\n\n\n\n<p style=\"font-size:14px\">F\u00fcr weitere Informationen siehe: <a href=\"https:\/\/pi-pharmaimage.com\/de\/elektrophisiology\/\" data-type=\"URL\">Bildgebende Verfahren &amp; Elektrophysiologie-Biomarker<\/a><\/p>\n\n\n\n<div style=\"height:10px\" aria-hidden=\"true\" class=\"wp-block-spacer\"><\/div>\n<\/div><\/div>\n\n\n\n<div class=\"wp-block-columns is-style-background-and-borders is-layout-flex wp-container-core-columns-is-layout-9d6595d7 wp-block-columns-is-layout-flex\">\n<div class=\"wp-block-column is-layout-flow wp-block-column-is-layout-flow\" style=\"flex-basis:33.33%\">\n<h2 class=\"wp-block-heading\">Hardware<\/h2>\n\n\n\n<p>PI PharmaImage-Hardware kann an das klinische Studienzentrum (z.B. CRO) geliefert werden.<\/p>\n\n\n\n<p>Simultaneous fMRI\/EEGSimultane fMRI\/EEG-Untersuchungen:<\/p>\n\n\n\n<ul class=\"wp-block-list\"><li>1 komplettes MR-kompatibles EEG- Aufzeichnungssystem BrainAmp MR Plus (32 Kan\u00e4le) mit 2 Aufzeichnungs-Dongles, 2 Laptops, 4 BrainCaps MR, 2 Syncboxen<\/li><\/ul>\n<\/div>\n\n\n\n<div class=\"wp-block-column is-layout-flow wp-block-column-is-layout-flow\" style=\"flex-basis:66.66%\">\n<h2 class=\"wp-block-heading\">Endpunkte\/Software-Standardpakete:<\/h2>\n\n\n\n<div class=\"wp-block-columns is-layout-flex wp-container-core-columns-is-layout-9d6595d7 wp-block-columns-is-layout-flex\">\n<div class=\"wp-block-column is-layout-flow wp-block-column-is-layout-flow\">\n<p>Bildgebende Endpunkte (fMRI):<\/p>\n\n\n\n<ul class=\"wp-block-list\" style=\"font-size:14px\"><li>Ruhezustand, Blockdesign, ereignisbezogen<\/li><li>ROI, ganzes Gehirn voxelweise<\/li><li>Funktionale Konnektivit\u00e4tsanalysen (Seed- basierte, unabh\u00e4ngige Komponentenanalyse inkl. Standardmodus-Netzwerkanalysen)<\/li><li>Zus\u00e4tzlich gew\u00fcnschte Parameter oder MR- Sequenzen (z.B. Perfusion) sind m\u00f6glich<\/li><\/ul>\n\n\n\n<p>Software: Statistical Parametric Mapping (SPM12)<\/p>\n<\/div>\n\n\n\n<div class=\"wp-block-column is-layout-flow wp-block-column-is-layout-flow\">\n<p>Bildgebende Endpunkte (strukturelle MRT):<\/p>\n\n\n\n<ul class=\"wp-block-list\"><li>Sequenzen: MPRAGE, T2-SPACE, T2 (hochaufl\u00f6send)<\/li><li>Ganzhirnvoxel-basierte Morphometrie, volumenbasiert inkl. Teilfeldanalysen (z.B. Hippocampus, Ncl. Basalis Meynert), oberfl\u00e4chenbasierte Analysen<\/li><\/ul>\n\n\n\n<p>Software: Freesurfer, DARTEL Toolbox<\/p>\n<\/div>\n<\/div>\n<\/div>\n<\/div>\n\n\n\n<div class=\"wp-block-group is-layout-flow wp-block-group-is-layout-flow\">\n<h2 class=\"wp-block-heading\">Funktionelle Magnetresonanz-Bildgebung<\/h2>\n\n\n\n<div style=\"height:40px\" aria-hidden=\"true\" class=\"wp-block-spacer\"><\/div>\n\n\n\n<p>Die funktionelle Magnetresonanztomographie (fMRI) wird zunehmend in der ZNS-Medikamentenforschung eingesetzt. Als funktioneller Biomarker wird die fMRT h\u00e4ufig eingesetzt, wenn es darum geht, lokale Arzneimittelwirkungen, insbesondere in subkortikalen Schaltkreisen des Gehirns, nachzuweisen.<\/p>\n\n\n\n<p>Auch die Perfusionsbildgebung (Arterial Spin Labeling) ist von enormem Wert, insbesondere zur Beurteilung der Hirndurchblutung bei \u00e4lteren Patienten mit (fr\u00fcher) vaskul\u00e4rer Demenz und zur Beurteilung, ob und wie ein bestimmtes Medikament die Hirndurchblutung beeinflusst. Unser Angebot:<\/p>\n\n\n\n<ul class=\"wp-block-list\"><li>Studienaufbau und fMRI-Datenerfassung inkl. QC\/Monitoring (und SOP f\u00fcr multizentrische Datenerfassung).<\/li><\/ul>\n\n\n\n<p><\/p>\n\n\n\n<ul class=\"wp-block-list\"><li>fMRI-Aufgabenbedingungen: Ruhezustand (Standardmodus Netzwerk), N-Back, verbales Ged\u00e4chtnis, Oddball, Belohnung usw.<\/li><\/ul>\n\n\n\n<p><\/p>\n\n\n\n<ul class=\"wp-block-list\"><li>Datenanalyse: ganzes Gehirn voxelweise, Region-of-Interest (ROI), Seed-basierte funktionelle Konnektivit\u00e4t und unabh\u00e4ngige Komponentenanalysen mit den FSL\/SPM8- Softwarepaketen.<\/li><\/ul>\n\n\n\n<p><\/p>\n\n\n\n<ul class=\"wp-block-list\"><li>Arterielle Spin-Beschriftung (ASL): Gepulste ASL-Sequenz mit echoplanarer Auslesung und Online-Berechnung von CBF-Karten (zerebraler Blutfluss).<\/li><\/ul>\n\n\n\n<p><\/p>\n\n\n\n<ul class=\"wp-block-list\"><li>Pharmako-fMRI: suban\u00e4sthetisches Ketamin und Nikotin als Herausforderung.<\/li><\/ul>\n\n\n\n<p><\/p>\n\n\n\n<ul class=\"wp-block-list\"><li>Referenzdaten von N = 100 klinisch stabilen Schizophrenie-Patienten und &gt; N = 100 Personen mit MCI (Mild Cognitive Impairment) sind verf\u00fcgbar (zus\u00e4tzlich zu N = 1000  gesunden Kontrollpersonen).<\/li><\/ul>\n\n\n\n<p><\/p>\n\n\n\n<ul class=\"wp-block-list\"><li>Spezielles Angebot: Simultane fMRI\/EEG. z.B. f\u00fcr EEG-informierte funktionelle Konnektivit\u00e4tsanalysen ohne die Notwendigkeit, a priori einen anatomischen Seed zu definieren. Zum  Beispiel kann die EEG-Information (z.B. Vigilance-Staging w\u00e4hrend der Bildgebung f\u00fcr die (partielle) Regression des BOLD-Signals verwendet werden. Die Vorteile: EEG zusammen  mit fMRI erh\u00f6ht die Sensitivit\u00e4t (z.B. zur Erkennung von Medikamentenwirkungen). Das EEG ist ein sehr zuverl\u00e4ssiges Ma\u00df, es stabilisiert die erhaltenen BOLD-Antwortma\u00dfe (z.B.  bei Netzwerkanalysen im Standardmodus).<\/li><\/ul>\n<\/div>\n\n\n\n<div class=\"wp-block-group is-layout-flow wp-block-group-is-layout-flow\">\n<h2 class=\"wp-block-heading\">Strukturelle Magnetresonanz-Bildgebung<\/h2>\n\n\n\n<p>In der Arzneimittelforschung des ZNS kann die strukturelle MRT n\u00fctzlich sein, um Untergruppen von Patienten (z.B. Demenz, MCI) zu definieren oder um langfristige (&gt; sechs Monate) Arzneimittelwirkungen zu \u00fcberwachen.<\/p>\n\n\n\n<p>Wir bieten an:<\/p>\n\n\n\n<ul class=\"wp-block-list\"><li>Studienaufbau und MRT-Datenerfassung inkl. QC\/Monitoring (und SOP f\u00fcr multizentrische Datenerfassung).<\/li><\/ul>\n\n\n\n<p><\/p>\n\n\n\n<ul class=\"wp-block-list\"><li>T2-gewichtet inkl. hochaufl\u00f6sender (z.B. Hippocampus-Volumen), T1-gewichtet, Diffusionstensor-Bildgebung (DTI).<\/li><\/ul>\n\n\n\n<p><\/p>\n\n\n\n<ul class=\"wp-block-list\"><li>Datenanalyse: VBM, ROI-Analysen einschlie\u00dflich cholinerger Kerne (DARTEL Toolbox), fraktionierte Anisotropie, Diffusit\u00e4t, Traktographie, Oberfl\u00e4chen-Rendering mit dem  Freesurfer-Softwarepaket oder hauseigener Software.<\/li><\/ul>\n\n\n\n<p><\/p>\n\n\n\n<ul class=\"wp-block-list\"><li>Es sind Referenzdaten von N = 100 klinisch stabilen Schizophrenie-Patienten und &gt; N = 100 Personen mit MCI (Mild Cognitive Impairment) verf\u00fcgbar (zus\u00e4tzlich zu N = 1000  gesunden Kontrollpersonen).<\/li><\/ul>\n\n\n\n<p><\/p>\n\n\n\n<ul class=\"wp-block-list\"><li>Auf Anfrage: Zugang zum 7T-Ultrahochfeld-MRT (z.B. f\u00fcr die MR-Bildgebung der Blut-Hirn-Schranke, die sich derzeit in der Entwicklung befindet).<\/li><\/ul>\n<\/div>\n\n\n\n<div class=\"wp-block-group is-style-background-border-right-top is-layout-flow wp-block-group-is-layout-flow\">\n<div class=\"wp-block-columns is-style-frontpage is-layout-flex wp-container-core-columns-is-layout-9d6595d7 wp-block-columns-is-layout-flex\">\n<div class=\"wp-block-column has-text-color is-layout-flow wp-block-column-is-layout-flow\" style=\"color:#d80505\">\n<div style=\"height:43px\" aria-hidden=\"true\" class=\"wp-block-spacer\"><\/div>\n\n\n\n<p class=\"has-black-color has-text-color\">Mehr Informationen zu unserer IT-INFRASTRUKTUR<\/p>\n<\/div>\n\n\n\n<div class=\"wp-block-column is-layout-flow wp-block-column-is-layout-flow\">\n<div class=\"wp-block-buttons is-layout-flex wp-block-buttons-is-layout-flex\"><\/div>\n\n\n\n<button style=\"border:none;background-color:#1A5889;height:44px;width:200px;\"><a href=\"http:\/\/dev.pi-pharmaimage.com\/de\/it-infrastruktur\/\" style=\"color:#fff;text-decoration: none;\">IT-INFRASTRUKTUR &gt;<\/a><\/button>\n<\/div>\n<\/div>\n<\/div>\n","protected":false},"excerpt":{"rendered":"<p>Hardware PI PharmaImage-Hardware kann an das klinische Studienzentrum (z.B. CRO) geliefert werden. Simultaneous fMRI\/EEGSimultane fMRI\/EEG-Untersuchungen: 1 komplettes MR-kompatibles EEG- Aufzeichnungssystem BrainAmp MR Plus (32 Kan\u00e4le) mit 2 Aufzeichnungs-Dongles, 2 Laptops, 4 BrainCaps MR, 2 Syncboxen Endpunkte\/Software-Standardpakete: Bildgebende Endpunkte (fMRI): Ruhezustand, Blockdesign, ereignisbezogen ROI, ganzes Gehirn voxelweise Funktionale Konnektivit\u00e4tsanalysen (Seed- basierte, unabh\u00e4ngige Komponentenanalyse inkl. Standardmodus-Netzwerkanalysen) Zus\u00e4tzlich &hellip; <a href=\"https:\/\/pi-pharmaimage.com\/de\/neuroimaging\/\">Continued<\/a><\/p>\n","protected":false},"author":1,"featured_media":0,"parent":0,"menu_order":3,"comment_status":"closed","ping_status":"closed","template":"","meta":{"footnotes":""},"class_list":["post-358","page","type-page","status-publish","hentry"],"_links":{"self":[{"href":"https:\/\/pi-pharmaimage.com\/de\/wp-json\/wp\/v2\/pages\/358","targetHints":{"allow":["GET"]}}],"collection":[{"href":"https:\/\/pi-pharmaimage.com\/de\/wp-json\/wp\/v2\/pages"}],"about":[{"href":"https:\/\/pi-pharmaimage.com\/de\/wp-json\/wp\/v2\/types\/page"}],"author":[{"embeddable":true,"href":"https:\/\/pi-pharmaimage.com\/de\/wp-json\/wp\/v2\/users\/1"}],"replies":[{"embeddable":true,"href":"https:\/\/pi-pharmaimage.com\/de\/wp-json\/wp\/v2\/comments?post=358"}],"version-history":[{"count":25,"href":"https:\/\/pi-pharmaimage.com\/de\/wp-json\/wp\/v2\/pages\/358\/revisions"}],"predecessor-version":[{"id":1325,"href":"https:\/\/pi-pharmaimage.com\/de\/wp-json\/wp\/v2\/pages\/358\/revisions\/1325"}],"wp:attachment":[{"href":"https:\/\/pi-pharmaimage.com\/de\/wp-json\/wp\/v2\/media?parent=358"}],"curies":[{"name":"wp","href":"https:\/\/api.w.org\/{rel}","templated":true}]}}