{"id":1334,"date":"2021-11-15T17:38:33","date_gmt":"2021-11-15T16:38:33","guid":{"rendered":"https:\/\/pi-pharmaimage.com\/?page_id=1334"},"modified":"2023-09-14T15:56:30","modified_gmt":"2023-09-14T13:56:30","slug":"willkommen-2","status":"publish","type":"page","link":"https:\/\/pi-pharmaimage.com\/de\/","title":{"rendered":"Willkommen"},"content":{"rendered":"\n<div class=\"wp-block-media-text alignwide has-media-on-the-right is-stacked-on-mobile is-vertically-aligned-top is-image-fill is-style-front-page-teaser\" style=\"grid-template-columns:auto 20%\"><div class=\"wp-block-media-text__content\">\n<h1 class=\"wp-block-heading has-text-align-left has-text-color\" style=\"color:#242635;text-transform:uppercase\">Willkommen<\/h1>\n\n\n\n<p style=\"font-size:16px;line-height:33px;max-width: 60%;\">PI PharmaImage Solutions unterst\u00fctzt private und akademische Forschungseinrichtungen bei der Durchf\u00fchrung von monozentrischen und multizentrischen klinischen Studien (Phase I-IV) mittels umfangreicher Expertise.<\/p>\n\n\n\n<p><a href=\"http:\/\/dev.pi-pharmaimage.com\/wp-admin\/edit.php?post_type=page\"><\/a><\/p>\n<\/div><figure class=\"wp-block-media-text__media\" style=\"background-image:url(https:\/\/pi-pharmaimage.com\/wp-content\/uploads\/2021\/11\/Hero-1024x577.jpg);background-position:50% 50%\"><img loading=\"lazy\" decoding=\"async\" width=\"1024\" height=\"577\" src=\"https:\/\/pi-pharmaimage.com\/wp-content\/uploads\/2021\/11\/Hero-1024x577.jpg\" alt=\"\" class=\"wp-image-713 size-full\" srcset=\"https:\/\/pi-pharmaimage.com\/wp-content\/uploads\/2021\/11\/Hero-1024x577.jpg 1024w, https:\/\/pi-pharmaimage.com\/wp-content\/uploads\/2021\/11\/Hero-300x169.jpg 300w, https:\/\/pi-pharmaimage.com\/wp-content\/uploads\/2021\/11\/Hero-768x433.jpg 768w, https:\/\/pi-pharmaimage.com\/wp-content\/uploads\/2021\/11\/Hero-1536x866.jpg 1536w, https:\/\/pi-pharmaimage.com\/wp-content\/uploads\/2021\/11\/Hero.jpg 1940w\" sizes=\"auto, (max-width: 1024px) 100vw, 1024px\" \/><\/figure><\/div>\n\n\n\n<div class=\"wp-block-group is-style-default is-layout-flow wp-block-group-is-layout-flow\">\n<div class=\"wp-block-columns is-style-background-left-bottom-border is-layout-flex wp-container-core-columns-is-layout-9d6595d7 wp-block-columns-is-layout-flex\">\n<div class=\"wp-block-column is-layout-flow wp-block-column-is-layout-flow\" style=\"flex-basis:768px\">\n<div style=\"height:20px\" aria-hidden=\"true\" class=\"wp-block-spacer\"><\/div>\n\n\n\n<h3 style=\"font-size:11px;line-height:20px; letter-spacing:1;\">WER WIR SIND<\/h3>\n\n\n\n<h2>PI PharmaImage ist eine neuartige und zeitgem\u00e4\u00dfe Art einer Klinischen Studienorganisation f\u00fcr Phase-I-IV Studien.<\/h2>\n<\/div>\n\n\n\n<div class=\"wp-block-column is-layout-flow wp-block-column-is-layout-flow\" style=\"flex-basis:33.33%\">\n<div style=\"height:35px\" aria-hidden=\"true\" class=\"wp-block-spacer\"><\/div>\n\n\n\n<p style=\"line-height:32px;\">Wir haben uns entschieden, uns zu den Patienten zu begeben, anstatt dass diese zu uns kommen. Wo auch immer sich Ihre Patienten befinden, wir liefern das erforderliche Wissen, die Expertise und die Infrastruktur, um klinische Forschung auf dem neuesten Stand der Technik durchzuf\u00fchren.<\/p>\n<\/div>\n<\/div>\n<\/div>\n\n\n\n<div class=\"wp-block-media-text alignwide is-stacked-on-mobile is-image-fill is-style-default\"><figure class=\"wp-block-media-text__media\" style=\"background-image:url(https:\/\/pi-pharmaimage.com\/wp-content\/uploads\/2021\/11\/Home_Services-1024x843.jpg);background-position:50% 50%\"><img loading=\"lazy\" decoding=\"async\" width=\"1024\" height=\"843\" src=\"https:\/\/pi-pharmaimage.com\/wp-content\/uploads\/2021\/11\/Home_Services-1024x843.jpg\" alt=\"\" class=\"wp-image-715 size-full\" srcset=\"https:\/\/pi-pharmaimage.com\/wp-content\/uploads\/2021\/11\/Home_Services-1024x843.jpg 1024w, https:\/\/pi-pharmaimage.com\/wp-content\/uploads\/2021\/11\/Home_Services-300x247.jpg 300w, https:\/\/pi-pharmaimage.com\/wp-content\/uploads\/2021\/11\/Home_Services-768x632.jpg 768w, https:\/\/pi-pharmaimage.com\/wp-content\/uploads\/2021\/11\/Home_Services.jpg 1110w\" sizes=\"auto, (max-width: 1024px) 100vw, 1024px\" \/><\/figure><div class=\"wp-block-media-text__content\">\n<h2 class=\"wp-block-heading\">Unsere Services<\/h2>\n\n\n\n<p style=\"line-height:32px;font-size:14px\">In einer zunehmend komplexen Forschungsumgebung bietet PI folgendes an: Unterst\u00fctzung bei der Datenerhebung, Monitoring und Datenanalyse. Nationale\/internationale Einwerbung von Drittmitteln, Unterst\u00fctzung bei der Formulierung von Forschungsantr\u00e4gen und Ethikantr\u00e4gen sowie regulatorischen Problemen. Unsere Kernkompetenz liegt dabei im Bereichen der Implementierung von Biomarker L\u00f6sungen (Bildgebung, physiologische und molekulare Untersuchungen) einschlie\u00dflich Datenanalysen im Rahmen von klnischen Studien.<\/p>\n\n\n\n<button style=\"border:none;background-color:#1A5889;color:white;height:49px;width:166px;font-family:Roboto,sans-serif\"><a href=\"https:\/\/pi-pharmaimage.com\/de\/elektrophisiologie\/\" style=\"color:white;text-decoration: none;\">READ MORE &gt;<\/a><\/button>\n<\/div><\/div>\n\n\n\n<div class=\"wp-block-columns is-style-background-left-top-border is-layout-flex wp-container-core-columns-is-layout-9d6595d7 wp-block-columns-is-layout-flex\">\n<div class=\"wp-block-column is-vertically-aligned-top is-layout-flow wp-block-column-is-layout-flow\" style=\"flex-basis:520px\">\n<h2 class=\"wp-block-heading has-black-color has-text-color\">F&amp;E<\/h2>\n\n\n\n<p style=\"line-height:32px;font-size:14px;\">Die Forschungs- und Entwicklungsaktivit\u00e4ten (F&amp;E) von PI PharmaImage erstrecken sich sowohl auf die schrittweise Verbesserung unserer Forschungsdienstleistungen f\u00fcr die pharmazeutische Industrie als auch auf die (angewandte) Forschung und Entwicklung v\u00f6llig neuer medizinischer Produkte\/Gesundheitsdienstleistungen unter Verwendung von Neuroimaging und biomarkerbasierten Strategien. Die F&amp;E-Intensit\u00e4t ist mit etwa 20% der Einnahmen hoch.<\/p>\n\n\n\n<button style=\"border:none;background-color:#1A5889;color:white;height:49px;width:166px;font-family:Roboto,sans-serif\"><a href=\"https:\/\/pi-pharmaimage.com\/research-development\/\" style=\"color:white;text-decoration: none;\">READ MORE &gt;<\/a><\/button>\n\n\n\n<div style=\"height:20px\" aria-hidden=\"true\" class=\"wp-block-spacer\"><\/div>\n<\/div>\n\n\n\n<div class=\"wp-block-column is-layout-flow wp-block-column-is-layout-flow\" style=\"flex-basis:25px\"><\/div>\n\n\n\n<div class=\"wp-block-column is-vertically-aligned-center is-layout-flow wp-block-column-is-layout-flow\" style=\"flex-basis:630px\">\n<figure class=\"wp-block-gallery aligncenter has-nested-images columns-default is-cropped wp-block-gallery-1 is-layout-flex wp-block-gallery-is-layout-flex\">\n<figure class=\"wp-block-image size-full\"><img loading=\"lazy\" decoding=\"async\" width=\"1110\" height=\"898\" data-id=\"769\" src=\"https:\/\/pi-pharmaimage.com\/wp-content\/uploads\/2021\/11\/Home_RnD-1.jpg\" alt=\"\" class=\"wp-image-769\" srcset=\"https:\/\/pi-pharmaimage.com\/wp-content\/uploads\/2021\/11\/Home_RnD-1.jpg 1110w, https:\/\/pi-pharmaimage.com\/wp-content\/uploads\/2021\/11\/Home_RnD-1-300x243.jpg 300w, https:\/\/pi-pharmaimage.com\/wp-content\/uploads\/2021\/11\/Home_RnD-1-1024x828.jpg 1024w, https:\/\/pi-pharmaimage.com\/wp-content\/uploads\/2021\/11\/Home_RnD-1-768x621.jpg 768w\" sizes=\"auto, (max-width: 1110px) 100vw, 1110px\" \/><\/figure>\n<\/figure>\n<\/div>\n<\/div>\n\n\n\n<div style=\"height:15px\" aria-hidden=\"true\" class=\"wp-block-spacer\"><\/div>\n\n\n\n<div class=\"wp-block-group is-layout-flow wp-block-group-is-layout-flow\">\n<p style=\"line-height:32px;font-size:14px;\">Pharmaimage Biomarker Solutions GmbH wurde im Jahr 2011 gegr\u00fcndet (die Tochtergesellschaft in Boston (USA) wurde im Jahr 2016 gegr\u00fcndet). Seither beraten wir und stellen Serviceleistungen f\u00fcr die f\u00fchrenden pharmazeutischen Unternehmen und klinischen Forschungsorganisationen in Europa und USA zur Verf\u00fcgung.<\/p>\n<\/div>\n\n\n\n<div class=\"wp-block-columns is-style-default is-layout-flex wp-container-core-columns-is-layout-9d6595d7 wp-block-columns-is-layout-flex\">\n<div class=\"wp-block-column is-vertically-aligned-center is-layout-flow wp-block-column-is-layout-flow\" style=\"flex-basis:200px\">\n<figure class=\"wp-block-image alignleft size-full is-resized\"><a href=\"https:\/\/pi-solutionsgroup.com\/\"><img loading=\"lazy\" decoding=\"async\" src=\"https:\/\/pi-pharmaimage.com\/wp-content\/uploads\/2021\/11\/A8Vtvodz.png\" alt=\"\" class=\"wp-image-1349\" style=\"width:148px;height:80px\" width=\"148\" height=\"80\"\/><\/a><\/figure>\n\n\n\n<p><\/p>\n<\/div>\n\n\n\n<div class=\"wp-block-column is-vertically-aligned-center is-layout-flow wp-block-column-is-layout-flow\" style=\"flex-basis:400px\">\n<p>Pharmaimage Solutions GmbH<br>ist Teil der <a href=\"https:\/\/pi-solutionsgroup.com\/\">PI Solutions Group GmbH<\/a><\/p>\n<\/div>\n<\/div>\n","protected":false},"excerpt":{"rendered":"<p>Willkommen PI PharmaImage Solutions unterst\u00fctzt private und akademische Forschungseinrichtungen bei der Durchf\u00fchrung von monozentrischen und multizentrischen klinischen Studien (Phase I-IV) mittels umfangreicher Expertise. WER WIR SIND PI PharmaImage ist eine neuartige und zeitgem\u00e4\u00dfe Art einer Klinischen Studienorganisation f\u00fcr Phase-I-IV Studien. Wir haben uns entschieden, uns zu den Patienten zu begeben, anstatt dass diese zu uns &hellip; <a href=\"https:\/\/pi-pharmaimage.com\/de\/\">Continued<\/a><\/p>\n","protected":false},"author":1,"featured_media":0,"parent":0,"menu_order":1,"comment_status":"closed","ping_status":"closed","template":"","meta":{"footnotes":""},"class_list":["post-1334","page","type-page","status-publish","hentry"],"_links":{"self":[{"href":"https:\/\/pi-pharmaimage.com\/de\/wp-json\/wp\/v2\/pages\/1334","targetHints":{"allow":["GET"]}}],"collection":[{"href":"https:\/\/pi-pharmaimage.com\/de\/wp-json\/wp\/v2\/pages"}],"about":[{"href":"https:\/\/pi-pharmaimage.com\/de\/wp-json\/wp\/v2\/types\/page"}],"author":[{"embeddable":true,"href":"https:\/\/pi-pharmaimage.com\/de\/wp-json\/wp\/v2\/users\/1"}],"replies":[{"embeddable":true,"href":"https:\/\/pi-pharmaimage.com\/de\/wp-json\/wp\/v2\/comments?post=1334"}],"version-history":[{"count":27,"href":"https:\/\/pi-pharmaimage.com\/de\/wp-json\/wp\/v2\/pages\/1334\/revisions"}],"predecessor-version":[{"id":1557,"href":"https:\/\/pi-pharmaimage.com\/de\/wp-json\/wp\/v2\/pages\/1334\/revisions\/1557"}],"wp:attachment":[{"href":"https:\/\/pi-pharmaimage.com\/de\/wp-json\/wp\/v2\/media?parent=1334"}],"curies":[{"name":"wp","href":"https:\/\/api.w.org\/{rel}","templated":true}]}}